{"id":39,"date":"2021-09-25T15:30:17","date_gmt":"2021-09-25T15:30:17","guid":{"rendered":"https:\/\/frutigerdesign.ch\/?page_id=39"},"modified":"2025-10-30T14:06:24","modified_gmt":"2025-10-30T14:06:24","slug":"ueber-mich","status":"publish","type":"page","link":"https:\/\/frutigerdesign.ch\/index.php\/ueber-mich\/","title":{"rendered":"Ueber mich."},"content":{"rendered":"<div class=\"wpb-content-wrapper\"><p>[vc_row][vc_column][vc_single_image image=&#8220;231&#8243; img_size=&#8220;medium&#8220;][vc_custom_heading text=&#8220;Sibylle Frutiger.&#8220; font_container=&#8220;tag:h1|font_size:30|text_align:left|color:%23ff2684&#8243; css=&#8220;&#8220;][vc_column_text css=&#8220;&#8220;]Geb. 2.7.1970<br \/>\nkreativ@frutigerdesign.ch<br \/>\nMobile +41 76 544 14 32[\/vc_column_text][lab_scroll_box]<\/p>\n<p style=\"text-align: right;\"><em>\u201eEs ist nie zu sp\u00e4t, das zu werden, was<br \/>\nman h\u00e4tte sein k\u00f6nnen.\u201c (George Elliot)\u201c<\/em><\/p>\n<p>Seit sieben Jahren arbeite ich in einem Sekretariat und geniesse t\u00e4glich die Umsetzung von Flyern, Brosch\u00fcren und Plakaten. In dieser Zeit habe ich vieles im Selbststudium erlernt und konnte so das CI der Stadt perfektionieren. In der Ausbildung als Multi Media Master lernte ich die gesetzlichen Grundlagen kennen und konnte dieses Wissen im Gesch\u00e4ft optimieren.<\/p>\n<p>Rufen Sie mich an:\u00a0<a href=\"https:\/\/frutigerdesign.ch\/index.php\/kontakt\/\">Kontakt<\/a>[\/lab_scroll_box][vc_column_text][\/vc_column_text][\/vc_column][\/vc_row]<\/p>\n<\/div>","protected":false},"excerpt":{"rendered":"<p>[vc_row][vc_column][vc_single_image image=&#8220;231&#8243; img_size=&#8220;medium&#8220;][vc_custom_heading text=&#8220;Sibylle Frutiger.&#8220; font_container=&#8220;tag:h1|font_size:30|text_align:left|color:%23ff2684&#8243; css=&#8220;&#8220;][vc_column_text css=&#8220;&#8220;]Geb. 2.7.1970 kreativ@frutigerdesign.ch Mobile +41 76 544 14 32[\/vc_column_text][lab_scroll_box] \u201eEs ist nie zu sp\u00e4t, das zu werden, was man h\u00e4tte sein k\u00f6nnen.\u201c (George Elliot)\u201c Seit sieben Jahren arbeite ich in einem Sekretariat und geniesse t\u00e4glich die Umsetzung von Flyern, Brosch\u00fcren und Plakaten. In dieser Zeit habe ich vieles&hellip;<\/p>\n","protected":false},"author":1,"featured_media":0,"parent":0,"menu_order":0,"comment_status":"closed","ping_status":"closed","template":"","meta":{"_acf_changed":false,"footnotes":""},"class_list":["post-39","page","type-page","status-publish","hentry"],"acf":[],"_links":{"self":[{"href":"https:\/\/frutigerdesign.ch\/index.php\/wp-json\/wp\/v2\/pages\/39","targetHints":{"allow":["GET"]}}],"collection":[{"href":"https:\/\/frutigerdesign.ch\/index.php\/wp-json\/wp\/v2\/pages"}],"about":[{"href":"https:\/\/frutigerdesign.ch\/index.php\/wp-json\/wp\/v2\/types\/page"}],"author":[{"embeddable":true,"href":"https:\/\/frutigerdesign.ch\/index.php\/wp-json\/wp\/v2\/users\/1"}],"replies":[{"embeddable":true,"href":"https:\/\/frutigerdesign.ch\/index.php\/wp-json\/wp\/v2\/comments?post=39"}],"version-history":[{"count":14,"href":"https:\/\/frutigerdesign.ch\/index.php\/wp-json\/wp\/v2\/pages\/39\/revisions"}],"predecessor-version":[{"id":610,"href":"https:\/\/frutigerdesign.ch\/index.php\/wp-json\/wp\/v2\/pages\/39\/revisions\/610"}],"wp:attachment":[{"href":"https:\/\/frutigerdesign.ch\/index.php\/wp-json\/wp\/v2\/media?parent=39"}],"curies":[{"name":"wp","href":"https:\/\/api.w.org\/{rel}","templated":true}]}}