{"id":49,"date":"2021-09-25T18:36:38","date_gmt":"2021-09-25T18:36:38","guid":{"rendered":"https:\/\/frutigerdesign.ch\/?page_id=49"},"modified":"2025-10-30T18:25:35","modified_gmt":"2025-10-30T18:25:35","slug":"printmedien","status":"publish","type":"page","link":"https:\/\/frutigerdesign.ch\/index.php\/printmedien\/","title":{"rendered":"Drucksachen."},"content":{"rendered":"<div class=\"wpb-content-wrapper\"><p>[vc_row][vc_column][vc_custom_heading text=&#8220;Drucksachen.&#8220; font_container=&#8220;tag:h1|font_size:36|text_align:left|color:%23f6364d&#8220; css=&#8220;.vc_custom_1761832788792{padding-top: 40px !important;padding-bottom: 40px !important;}&#8220;][vc_column_text]Mit Frutiger Design biete ich Ihnen folgende Dienstleistungen an:[\/vc_column_text][vc_column_text]<\/p>\n<h3>Flyer, Plakate und Visitenkarten<\/h3>\n<p>Organisieren Sie einen Apero oder ein Event? Gerne erstelle ich Ihnen eine pers\u00f6nliche Einladung, zum Beispiel in Form eines Flyers, der Ihre G\u00e4ste begeistern wird.<\/p>\n<p>Planen Sie, ein eigenes Gesch\u00e4ft aufzubauen? Oder m\u00f6chten Sie als Selbstst\u00e4ndige\/r neue Kunden akquirieren? Dann entwerfe und realisiere ich f\u00fcr Sie Flyer und Plakate, die potentielle Kunden individuell ansprechen und neugierig machen. Selbstverst\u00e4ndlich fliessen Ihre eigenen Ideen und W\u00fcnsche in meine Kreationen ein. Zudem erstelle ich Ihnen Visitenkarten, die Ihre Corporate Identity ausdr\u00fccken und Ihr Vorhaben unterst\u00fctzen.<\/p>\n<p>&nbsp;<\/p>\n<h3>Brosch\u00fcren und Prospekte<\/h3>\n<p>M\u00f6chten Sie in einer Brosch\u00fcre oder einem Flyer Ihre Dienstleistung oder ein Produkt pr\u00e4sentieren? Kein Problem! Ich erstelle f\u00fcr Sie aus Texten und Abbildungen eine werbewirksame Publikation, die Aufmerksamkeit erweckt.<\/p>\n<p>&nbsp;<\/p>\n<h3>Werbemittel<\/h3>\n<p>Planen Sie, Ihr Logo zum Beispiel auf einem Werbegeschenk zu verbreiten? Gerne unterbreite ich Ihnen Vorschl\u00e4ge hierzu. Mit Werbegeschenken erh\u00f6hen Sie Ihre Pr\u00e4senz auf dem Markt.<\/p>\n<p>&nbsp;<\/p>\n<h3>Newsletter<\/h3>\n<p>M\u00f6chten Sie Ihre Kundschaft mit einem Newsletter \u00fcber Neuigkeiten informieren?\u00a0Dann freue ich mich,\u00a0diesen f\u00fcr Sie zu erstellen und per Mail an Ihre Kunden zu versenden.<\/p>\n<p><a href=\"https:\/\/frutigerdesign.ch\/wp-content\/uploads\/2021\/10\/Bewerbungsbuch_V1.pdf\">Beispiele<\/a><\/p>\n<p>&nbsp;<\/p>\n<p>Geben Sie Ihr Gesch\u00e4ftsvorhaben oder Ihre privaten Planungen in meine H\u00e4nde. Entlasten Sie sich! Mit Ihrem Input erstelle ich f\u00fcr Sie professionell Ihr gew\u00fcnschtes Produkt mit ansprechendem Design. So<\/p>\n<ul>\n<li>erreichen Sie Ihre Ansprechpartner schnell und effektiv,<\/li>\n<li>gewinnen Sie die Aufmerksamkeit potentieller Kunden,<\/li>\n<li>ist Ihre Pr\u00e4senz auf dem Markt gew\u00e4hrleistet.<\/li>\n<\/ul>\n<p>&nbsp;<\/p>\n<p>Gerne erwarte ich Ihre Kontaktaufnahme:<br \/>\nPhone +41 76 544 14 32<br \/>\nE-Mail:\u00a0<a href=\"https:\/\/frutigerdesign.ch\/index.php\/kontakt\/\" target=\"_blank\" rel=\"noopener\">Kontakt<\/a>[\/vc_column_text][\/vc_column][\/vc_row]<\/p>\n<\/div>","protected":false},"excerpt":{"rendered":"<p>[vc_row][vc_column][vc_custom_heading text=&#8220;Drucksachen.&#8220; font_container=&#8220;tag:h1|font_size:36|text_align:left|color:%23f6364d&#8220; css=&#8220;.vc_custom_1761832788792{padding-top: 40px !important;padding-bottom: 40px !important;}&#8220;][vc_column_text]Mit Frutiger Design biete ich Ihnen folgende Dienstleistungen an:[\/vc_column_text][vc_column_text] Flyer, Plakate und Visitenkarten Organisieren Sie einen Apero oder ein Event? Gerne erstelle ich Ihnen eine pers\u00f6nliche Einladung, zum Beispiel in Form eines Flyers, der Ihre G\u00e4ste begeistern wird. Planen Sie, ein eigenes Gesch\u00e4ft aufzubauen? Oder m\u00f6chten Sie als&hellip;<\/p>\n","protected":false},"author":1,"featured_media":115,"parent":0,"menu_order":0,"comment_status":"closed","ping_status":"closed","template":"","meta":{"_acf_changed":false,"footnotes":""},"class_list":["post-49","page","type-page","status-publish","has-post-thumbnail","hentry"],"acf":[],"_links":{"self":[{"href":"https:\/\/frutigerdesign.ch\/index.php\/wp-json\/wp\/v2\/pages\/49","targetHints":{"allow":["GET"]}}],"collection":[{"href":"https:\/\/frutigerdesign.ch\/index.php\/wp-json\/wp\/v2\/pages"}],"about":[{"href":"https:\/\/frutigerdesign.ch\/index.php\/wp-json\/wp\/v2\/types\/page"}],"author":[{"embeddable":true,"href":"https:\/\/frutigerdesign.ch\/index.php\/wp-json\/wp\/v2\/users\/1"}],"replies":[{"embeddable":true,"href":"https:\/\/frutigerdesign.ch\/index.php\/wp-json\/wp\/v2\/comments?post=49"}],"version-history":[{"count":30,"href":"https:\/\/frutigerdesign.ch\/index.php\/wp-json\/wp\/v2\/pages\/49\/revisions"}],"predecessor-version":[{"id":712,"href":"https:\/\/frutigerdesign.ch\/index.php\/wp-json\/wp\/v2\/pages\/49\/revisions\/712"}],"wp:featuredmedia":[{"embeddable":true,"href":"https:\/\/frutigerdesign.ch\/index.php\/wp-json\/wp\/v2\/media\/115"}],"wp:attachment":[{"href":"https:\/\/frutigerdesign.ch\/index.php\/wp-json\/wp\/v2\/media?parent=49"}],"curies":[{"name":"wp","href":"https:\/\/api.w.org\/{rel}","templated":true}]}}